{"id":84,"date":"2026-04-23T01:00:35","date_gmt":"2026-04-22T23:00:35","guid":{"rendered":"https:\/\/black-gate.de\/?page_id=84"},"modified":"2026-04-26T22:35:41","modified_gmt":"2026-04-26T20:35:41","slug":"agb","status":"publish","type":"page","link":"https:\/\/black-gate.de\/de\/agb\/","title":{"rendered":"AGB"},"content":{"rendered":"<section class=\"legal-page agb\">\n<h1>AGB<\/h1>\n<p>Allgemeine Gesch\u00e4ftsbedingungen<\/p>\n<p>\n    Unsere Allgemeinen Gesch\u00e4ftsbedingungen werden derzeit ausgearbeitet und<br \/>\n    an dieser Stelle zeitnah ver\u00f6ffentlicht.\n  <\/p>\n<p>\n    Bei Fragen zu unseren Leistungen, Angeboten oder Vertragsgrundlagen<br \/>\n    kontaktieren Sie uns bitte direkt per E-Mail oder Telefon.\n  <\/p>\n<p>\n    Telefon: <a href=\"tel:+494033397784\">+49 40 333 977 84<\/a><br \/>\n    E-Mail: <a href=\"mailto:Moin@Black-Gate.de\">Moin@Black-Gate.de<\/a>\n  <\/p>\n<\/section>\n","protected":false},"excerpt":{"rendered":"<p>AGB Allgemeine Gesch\u00e4ftsbedingungen Unsere Allgemeinen Gesch\u00e4ftsbedingungen werden derzeit ausgearbeitet und an dieser Stelle zeitnah ver\u00f6ffentlicht. Bei Fragen zu unseren Leistungen, Angeboten oder Vertragsgrundlagen kontaktieren Sie uns bitte direkt per E-Mail oder Telefon. Telefon: +49 40 333 977 84 E-Mail: Moin@Black-Gate.de<\/p>\n","protected":false},"author":1,"featured_media":0,"parent":0,"menu_order":0,"comment_status":"closed","ping_status":"closed","template":"template_fullwidth.php","meta":{"_de_post_content":"<section class=\"legal-page agb\">\r\n  <h1>AGB<\/h1>\r\n  <p>Allgemeine Gesch\u00e4ftsbedingungen<\/p>\r\n\r\n  <p>\r\n    Unsere Allgemeinen Gesch\u00e4ftsbedingungen werden derzeit ausgearbeitet und\r\n    an dieser Stelle zeitnah ver\u00f6ffentlicht.\r\n  <\/p>\r\n\r\n  <p>\r\n    Bei Fragen zu unseren Leistungen, Angeboten oder Vertragsgrundlagen\r\n    kontaktieren Sie uns bitte direkt per E-Mail oder Telefon.\r\n  <\/p>\r\n\r\n  <p>\r\n    Telefon: <a href=\"tel:+494033397784\">+49 40 333 977 84<\/a><br>\r\n    E-Mail: <a href=\"mailto:Moin@Black-Gate.de\">Moin@Black-Gate.de<\/a>\r\n  <\/p>\r\n<\/section>","_de_post_name":"agb","_de_post_excerpt":"","_de_post_title":"AGB","_en_post_content":"<section class=\"legal-page agb\">\r\n  <h1>Terms<\/h1>\r\n  <p>General Terms and Conditions<\/p>\r\n\r\n  <p>\r\n    Our general terms and conditions are currently being prepared and will be\r\n    published here shortly.\r\n  <\/p>\r\n\r\n  <p>\r\n    If you have any questions regarding our services, offers or contractual\r\n    framework, please contact us directly by email or telephone.\r\n  <\/p>\r\n\r\n  <p>\r\n    Phone: <a href=\"tel:+494033397784\">+49 40 333 977 84<\/a><br>\r\n    Email: <a href=\"mailto:Moin@Black-Gate.de\">Moin@Black-Gate.de<\/a>\r\n  <\/p>\r\n<\/section>","_en_post_name":"agb","_en_post_excerpt":"","_en_post_title":"","edit_language":"de","footnotes":""},"class_list":["post-84","page","type-page","status-publish","hentry"],"_links":{"self":[{"href":"https:\/\/black-gate.de\/de\/wp-json\/wp\/v2\/pages\/84","targetHints":{"allow":["GET"]}}],"collection":[{"href":"https:\/\/black-gate.de\/de\/wp-json\/wp\/v2\/pages"}],"about":[{"href":"https:\/\/black-gate.de\/de\/wp-json\/wp\/v2\/types\/page"}],"author":[{"embeddable":true,"href":"https:\/\/black-gate.de\/de\/wp-json\/wp\/v2\/users\/1"}],"replies":[{"embeddable":true,"href":"https:\/\/black-gate.de\/de\/wp-json\/wp\/v2\/comments?post=84"}],"version-history":[{"count":5,"href":"https:\/\/black-gate.de\/de\/wp-json\/wp\/v2\/pages\/84\/revisions"}],"predecessor-version":[{"id":146,"href":"https:\/\/black-gate.de\/de\/wp-json\/wp\/v2\/pages\/84\/revisions\/146"}],"wp:attachment":[{"href":"https:\/\/black-gate.de\/de\/wp-json\/wp\/v2\/media?parent=84"}],"curies":[{"name":"wp","href":"https:\/\/api.w.org\/{rel}","templated":true}]}}