{"id":94,"date":"2026-04-25T14:12:17","date_gmt":"2026-04-25T12:12:17","guid":{"rendered":"https:\/\/black-gate.de\/?page_id=94"},"modified":"2026-04-26T16:30:18","modified_gmt":"2026-04-26T14:30:18","slug":"kontakt","status":"publish","type":"page","link":"https:\/\/black-gate.de\/de\/kontakt\/","title":{"rendered":"Kontakt"},"content":{"rendered":"<section class=\"blackgate-section blackgate-contact-section blackgate-reveal\"><div class=\"blackgate-container\"><div class=\"blackgate-contact-intro\"><p class=\"blackgate-eyebrow blackgate-contact-eyebrow\">Bereit f\u00fcr die richtige Mischung?<\/p><h2 class=\"blackgate-title blackgate-contact-title\">Kontakt<\/h2><p class=\"blackgate-copy blackgate-contact-copy\">Erz\u00e4hlt uns, was ihr vorhabt. Wir k\u00fcmmern uns um Licht, Ton, B\u00fchne und die Details, die aus eurer Idee ein Erlebnis machen.<\/p><\/div><div class=\"blackgate-contact-grid\"><aside class=\"blackgate-contact-direct\"><h3 class=\"blackgate-contact-direct-title\">Direktkontakt<\/h3><p class=\"blackgate-contact-direct-copy\">Wenn es schnell gehen soll, erreicht ihr uns hier direkt.<\/p><div class=\"blackgate-contact-options\"><a class=\"blackgate-contact-option\" href=\"https:\/\/wa.me\/494033397784\" target=\"_blank\" rel=\"noopener noreferrer\"><span class=\"blackgate-contact-option-icon\" aria-hidden=\"true\"><i class=\"fa-brands fa-whatsapp\"><\/i><\/span><span class=\"blackgate-contact-option-body\"><span class=\"blackgate-contact-option-label\">WhatsApp<\/span><span class=\"blackgate-contact-option-value\">+49 40 33397784<\/span><\/span><\/a><a class=\"blackgate-contact-option\" href=\"mailto:Moin@Black-Gate.de\"><span class=\"blackgate-contact-option-icon\" aria-hidden=\"true\"><i class=\"fa-solid fa-envelope\"><\/i><\/span><span class=\"blackgate-contact-option-body\"><span class=\"blackgate-contact-option-label\">Mail<\/span><span class=\"blackgate-contact-option-value\">Moin@Black-Gate.de<\/span><\/span><\/a><a class=\"blackgate-contact-option\" href=\"tel:+494033397784\"><span class=\"blackgate-contact-option-icon\" aria-hidden=\"true\"><i class=\"fa-solid fa-phone\"><\/i><\/span><span class=\"blackgate-contact-option-body\"><span class=\"blackgate-contact-option-label\">Anrufen<\/span><span class=\"blackgate-contact-option-value\">+49 40 33397784<\/span><\/span><\/a><\/div><\/aside><div class=\"blackgate-contact-form-shell\"><h3 class=\"blackgate-contact-form-title\">Anfrage senden<\/h3><p class=\"blackgate-contact-form-copy\">Name, E-Mail, Telefon und euer Anliegen. Mehr braucht es erstmal nicht.<\/p><form class=\"blackgate-site blackgate-contact-form\" method=\"post\" action=\"https:\/\/black-gate.de\/wp-admin\/admin-post.php\"><input type=\"hidden\" name=\"action\" value=\"blackgate_contact_submit\" \/><input type=\"hidden\" name=\"blackgate_language\" value=\"de\" \/><input type=\"hidden\" name=\"redirect_to\" value=\"https:\/\/black-gate.de\/de\/de\/wp-json\/wp\/v2\/pages\/94\" \/><input type=\"hidden\" id=\"blackgate_contact_nonce\" name=\"blackgate_contact_nonce\" value=\"f5a9f65196\" \/><input type=\"hidden\" name=\"_wp_http_referer\" value=\"\/de\/wp-json\/wp\/v2\/pages\/94\" \/><div class=\"blackgate-contact-honeypot\" aria-hidden=\"true\"><label for=\"blackgate-company\">Company<\/label><input id=\"blackgate-company\" type=\"text\" name=\"blackgate_company\" value=\"\" tabindex=\"-1\" autocomplete=\"off\" \/><\/div><div class=\"blackgate-contact-fields\"><div class=\"blackgate-contact-field\"><label for=\"blackgate-name\">Name<\/label><div class=\"blackgate-contact-control\"><input id=\"blackgate-name\" type=\"text\" name=\"blackgate_name\" value=\"\" required \/><\/div><\/div><div class=\"blackgate-contact-field\"><label for=\"blackgate-email\">E-Mail<\/label><div class=\"blackgate-contact-control\"><input id=\"blackgate-email\" type=\"email\" name=\"blackgate_email\" value=\"\" required \/><\/div><\/div><div class=\"blackgate-contact-field is-full\"><label for=\"blackgate-phone\">Telefon<\/label><div class=\"blackgate-contact-control\"><input id=\"blackgate-phone\" type=\"tel\" name=\"blackgate_phone\" value=\"\" \/><\/div><\/div><div class=\"blackgate-contact-field is-full\"><label for=\"blackgate-message\">Anfrage<\/label><div class=\"blackgate-contact-control is-textarea\"><textarea id=\"blackgate-message\" name=\"blackgate_message\" rows=\"7\" required><\/textarea><\/div><\/div><\/div><div class=\"blackgate-contact-form-footer\"><p class=\"blackgate-contact-form-note\">Pflichtfelder: Name, E-Mail und Anfrage.<\/p><button type=\"submit\" class=\"blackgate-contact-submit\">Anfrage senden<\/button><\/div><\/form><\/div><\/div><\/div><\/section>\n","protected":false},"excerpt":{"rendered":"","protected":false},"author":1,"featured_media":0,"parent":0,"menu_order":0,"comment_status":"closed","ping_status":"closed","template":"template_fullwidth.php","meta":{"_de_post_content":"[blackgate_contact]","_de_post_name":"kontakt","_de_post_excerpt":"","_de_post_title":"Kontakt","_en_post_content":"","_en_post_name":"","_en_post_excerpt":"","_en_post_title":"","edit_language":"de","footnotes":""},"class_list":["post-94","page","type-page","status-publish","hentry"],"_links":{"self":[{"href":"https:\/\/black-gate.de\/de\/wp-json\/wp\/v2\/pages\/94","targetHints":{"allow":["GET"]}}],"collection":[{"href":"https:\/\/black-gate.de\/de\/wp-json\/wp\/v2\/pages"}],"about":[{"href":"https:\/\/black-gate.de\/de\/wp-json\/wp\/v2\/types\/page"}],"author":[{"embeddable":true,"href":"https:\/\/black-gate.de\/de\/wp-json\/wp\/v2\/users\/1"}],"replies":[{"embeddable":true,"href":"https:\/\/black-gate.de\/de\/wp-json\/wp\/v2\/comments?post=94"}],"version-history":[{"count":2,"href":"https:\/\/black-gate.de\/de\/wp-json\/wp\/v2\/pages\/94\/revisions"}],"predecessor-version":[{"id":137,"href":"https:\/\/black-gate.de\/de\/wp-json\/wp\/v2\/pages\/94\/revisions\/137"}],"wp:attachment":[{"href":"https:\/\/black-gate.de\/de\/wp-json\/wp\/v2\/media?parent=94"}],"curies":[{"name":"wp","href":"https:\/\/api.w.org\/{rel}","templated":true}]}}