{"id":79,"date":"2026-04-23T00:54:43","date_gmt":"2026-04-22T22:54:43","guid":{"rendered":"https:\/\/black-gate.de\/?page_id=79"},"modified":"2026-04-26T22:30:45","modified_gmt":"2026-04-26T20:30:45","slug":"impressum","status":"publish","type":"page","link":"https:\/\/black-gate.de\/en\/impressum\/","title":{"rendered":"","raw":""},"content":{"rendered":"<section class=\"legal-page impressum\">\n<h1>Legal Notice<\/h1>\n<p>The German version of this legal notice is legally binding. This English version is provided for convenience only.<\/p>\n<h2>Provider<\/h2>\n<p>\n    <strong>Black Gate \/ Leif von Berg<\/strong><br \/>\n    Sole proprietorship<br \/>\n    Owner: Leif von Berg\n  <\/p>\n<h2>Business Address<\/h2>\n<p>\n    Humboldtstr. 5<br \/>\n    25421 Pinneberg<br \/>\n    Germany\n  <\/p>\n<p>\n    Visits and customer appointments take place only by prior appointment.\n  <\/p>\n<h2>Contact<\/h2>\n<p>\n    Phone: <a href=\"tel:+494033397784\">+49 40 333 977 84<\/a><br \/>\n    Email: <a href=\"mailto:Moin@Black-Gate.de\">Moin@Black-Gate.de<\/a>\n  <\/p>\n<h2>VAT ID<\/h2>\n<p>\n    VAT identification number in accordance with Section 27a of the German Value Added Tax Act:<br \/>\n    DE311189634\n  <\/p>\n<h2>Person Responsible for Content pursuant to Section 18 para. 2 MStV<\/h2>\n<p>\n    Leif von Berg<br \/>\n    Humboldtstr. 5<br \/>\n    25421 Pinneberg<br \/>\n    Germany\n  <\/p>\n<h2>Consumer Dispute Resolution \/ Universal Arbitration Board<\/h2>\n<p>\n    We are neither willing nor obliged to participate in dispute resolution proceedings before a consumer arbitration board.\n  <\/p>\n<h2>Privacy Policy<\/h2>\n<p>\n    Our privacy policy can be found at the following link:<br \/>\n    <a href=\"https:\/\/black-gate.de\/home\/datenschutz\/\">Privacy Policy<\/a>\n  <\/p>\n<h2>Liability for Content<\/h2>\n<p>\n    As a service provider, we are responsible for our own content on these pages in accordance with Section 7 para. 1 DDG and general laws.<br \/>\n    According to Sections 8 to 10 DDG, however, we are not obliged to monitor transmitted or stored third-party information<br \/>\n    or to investigate circumstances that indicate unlawful activity.\n  <\/p>\n<p>\n    Obligations to remove or block the use of information under general laws remain unaffected.<br \/>\n    Liability in this respect is only possible from the time of knowledge of a specific infringement.<br \/>\n    Upon becoming aware of such legal violations, we will remove this content immediately.\n  <\/p>\n<h2>Liability for Links<\/h2>\n<p>\n    Our website contains links to external third-party websites over whose content we have no control.<br \/>\n    Therefore, we cannot accept any liability for such external content.<br \/>\n    The respective provider or operator of the linked pages is always responsible for their content.\n  <\/p>\n<p>\n    The linked pages were checked for possible legal violations at the time of linking.<br \/>\n    Illegal content was not recognizable at the time of linking.<br \/>\n    Permanent monitoring of the content of linked pages is not reasonable without concrete evidence of an infringement.<br \/>\n    If we become aware of any legal violations, we will remove such links immediately.\n  <\/p>\n<h2>Copyright<\/h2>\n<p>\n    The content and works created by the site operator on these pages are subject to German copyright law.<br \/>\n    Reproduction, editing, distribution and any kind of use outside the limits of copyright law<br \/>\n    require the written consent of the respective author or creator.\n  <\/p>\n<p>\n    Downloads and copies of this site are permitted for private, non-commercial use only.<br \/>\n    Insofar as content on this site was not created by the operator, the copyrights of third parties are respected.<br \/>\n    Third-party content is identified as such where applicable.<br \/>\n    Should you nevertheless become aware of a copyright infringement, please inform us accordingly.<br \/>\n    Upon becoming aware of legal violations, we will remove such content immediately.\n  <\/p>\n<\/section>\n","protected":false,"raw":"<section class=\"legal-page impressum\">\r\n  <h1>Legal Notice<\/h1>\r\n\r\n  <p>The German version of this legal notice is legally binding. This English version is provided for convenience only.<\/p>\r\n\r\n  <h2>Provider<\/h2>\r\n  <p>\r\n    <strong>Black Gate \/ Leif von Berg<\/strong><br>\r\n    Sole proprietorship<br>\r\n    Owner: Leif von Berg\r\n  <\/p>\r\n\r\n  <h2>Business Address<\/h2>\r\n  <p>\r\n    Humboldtstr. 5<br>\r\n    25421 Pinneberg<br>\r\n    Germany\r\n  <\/p>\r\n\r\n  <p>\r\n    Visits and customer appointments take place only by prior appointment.\r\n  <\/p>\r\n\r\n  <h2>Contact<\/h2>\r\n  <p>\r\n    Phone: <a href=\"tel:+494033397784\">+49 40 333 977 84<\/a><br>\r\n    Email: <a href=\"mailto:Moin@Black-Gate.de\">Moin@Black-Gate.de<\/a>\r\n  <\/p>\r\n\r\n  <h2>VAT ID<\/h2>\r\n  <p>\r\n    VAT identification number in accordance with Section 27a of the German Value Added Tax Act:<br>\r\n    DE311189634\r\n  <\/p>\r\n\r\n  <h2>Person Responsible for Content pursuant to Section 18 para. 2 MStV<\/h2>\r\n  <p>\r\n    Leif von Berg<br>\r\n    Humboldtstr. 5<br>\r\n    25421 Pinneberg<br>\r\n    Germany\r\n  <\/p>\r\n\r\n  <h2>Consumer Dispute Resolution \/ Universal Arbitration Board<\/h2>\r\n  <p>\r\n    We are neither willing nor obliged to participate in dispute resolution proceedings before a consumer arbitration board.\r\n  <\/p>\r\n\r\n  <h2>Privacy Policy<\/h2>\r\n  <p>\r\n    Our privacy policy can be found at the following link:<br>\r\n    <a href=\"https:\/\/black-gate.de\/home\/datenschutz\/\">Privacy Policy<\/a>\r\n  <\/p>\r\n\r\n  <h2>Liability for Content<\/h2>\r\n  <p>\r\n    As a service provider, we are responsible for our own content on these pages in accordance with Section 7 para. 1 DDG and general laws.\r\n    According to Sections 8 to 10 DDG, however, we are not obliged to monitor transmitted or stored third-party information\r\n    or to investigate circumstances that indicate unlawful activity.\r\n  <\/p>\r\n  <p>\r\n    Obligations to remove or block the use of information under general laws remain unaffected.\r\n    Liability in this respect is only possible from the time of knowledge of a specific infringement.\r\n    Upon becoming aware of such legal violations, we will remove this content immediately.\r\n  <\/p>\r\n\r\n  <h2>Liability for Links<\/h2>\r\n  <p>\r\n    Our website contains links to external third-party websites over whose content we have no control.\r\n    Therefore, we cannot accept any liability for such external content.\r\n    The respective provider or operator of the linked pages is always responsible for their content.\r\n  <\/p>\r\n  <p>\r\n    The linked pages were checked for possible legal violations at the time of linking.\r\n    Illegal content was not recognizable at the time of linking.\r\n    Permanent monitoring of the content of linked pages is not reasonable without concrete evidence of an infringement.\r\n    If we become aware of any legal violations, we will remove such links immediately.\r\n  <\/p>\r\n\r\n  <h2>Copyright<\/h2>\r\n  <p>\r\n    The content and works created by the site operator on these pages are subject to German copyright law.\r\n    Reproduction, editing, distribution and any kind of use outside the limits of copyright law\r\n    require the written consent of the respective author or creator.\r\n  <\/p>\r\n  <p>\r\n    Downloads and copies of this site are permitted for private, non-commercial use only.\r\n    Insofar as content on this site was not created by the operator, the copyrights of third parties are respected.\r\n    Third-party content is identified as such where applicable.\r\n    Should you nevertheless become aware of a copyright infringement, please inform us accordingly.\r\n    Upon becoming aware of legal violations, we will remove such content immediately.\r\n  <\/p>\r\n<\/section>\r\n"},"excerpt":{"rendered":"","protected":false,"raw":""},"author":1,"featured_media":0,"parent":0,"menu_order":0,"comment_status":"closed","ping_status":"closed","template":"template_fullwidth.php","meta":{"_de_post_content":"<section class=\"legal-page impressum\">\r\n  <h1>Impressum<\/h1>\r\n\r\n  <p>Angaben gem\u00e4\u00df \u00a7 5 DDG<\/p>\r\n\r\n  <h2>Anbieter<\/h2>\r\n  <p>\r\n    <strong>Black Gate \/ Leif von Berg<\/strong><br>\r\n    Einzelunternehmen<br>\r\n    Inhaber: Leif von Berg\r\n  <\/p>\r\n\r\n  <h2>Gesch\u00e4ftsanschrift<\/h2>\r\n  <p>\r\n    Humboldtstr. 5<br>\r\n    25421 Pinneberg<br>\r\n    Deutschland\r\n  <\/p>\r\n\r\n  <p>\r\n    Besuche sowie Kundenempfang erfolgen ausschlie\u00dflich nach vorheriger terminlicher Vereinbarung.\r\n  <\/p>\r\n\r\n  <h2>Kontakt<\/h2>\r\n  <p>\r\n    Telefon: <a href=\"tel:+494033397784\">+49 40 333 977 84<\/a><br>\r\n    E-Mail: <a href=\"mailto:Moin@Black-Gate.de\">Moin@Black-Gate.de<\/a>\r\n  <\/p>\r\n\r\n  <h2>Umsatzsteuer-ID<\/h2>\r\n  <p>\r\n    Umsatzsteuer-Identifikationsnummer gem\u00e4\u00df \u00a7 27a Umsatzsteuergesetz:<br>\r\n    DE311189634\r\n  <\/p>\r\n\r\n  <h2>Verantwortlich f\u00fcr den Inhalt nach \u00a7 18 Abs. 2 MStV<\/h2>\r\n  <p>\r\n    Leif von Berg<br>\r\n    Humboldtstr. 5<br>\r\n    25421 Pinneberg<br>\r\n    Deutschland\r\n  <\/p>\r\n\r\n  <h2>Verbraucherstreitbeilegung \/ Universalschlichtungsstelle<\/h2>\r\n  <p>\r\n    Wir sind nicht bereit und nicht verpflichtet, an Streitbeilegungsverfahren vor einer Verbraucherschlichtungsstelle teilzunehmen.\r\n  <\/p>\r\n\r\n  <h2>Datenschutzerkl\u00e4rung<\/h2>\r\n  <p>\r\n    Unsere Datenschutzerkl\u00e4rung finden Sie unter folgendem Link:<br>\r\n    <a href=\"https:\/\/black-gate.de\/home\/datenschutz\/\">Datenschutzerkl\u00e4rung<\/a>\r\n  <\/p>\r\n\r\n  <h2>Haftung f\u00fcr Inhalte<\/h2>\r\n  <p>\r\n    Als Diensteanbieter sind wir gem\u00e4\u00df \u00a7 7 Abs. 1 DDG f\u00fcr eigene Inhalte auf diesen Seiten nach den allgemeinen Gesetzen verantwortlich.\r\n    Nach \u00a7\u00a7 8 bis 10 DDG sind wir als Diensteanbieter jedoch nicht verpflichtet, \u00fcbermittelte oder gespeicherte fremde Informationen zu \u00fcberwachen\r\n    oder nach Umst\u00e4nden zu forschen, die auf eine rechtswidrige T\u00e4tigkeit hinweisen.\r\n  <\/p>\r\n  <p>\r\n    Verpflichtungen zur Entfernung oder Sperrung der Nutzung von Informationen nach den allgemeinen Gesetzen bleiben hiervon unber\u00fchrt.\r\n    Eine diesbez\u00fcgliche Haftung ist jedoch erst ab dem Zeitpunkt der Kenntnis einer konkreten Rechtsverletzung m\u00f6glich.\r\n    Bei Bekanntwerden von entsprechenden Rechtsverletzungen werden wir diese Inhalte umgehend entfernen.\r\n  <\/p>\r\n\r\n  <h2>Haftung f\u00fcr Links<\/h2>\r\n  <p>\r\n    Unser Angebot enth\u00e4lt Links zu externen Webseiten Dritter, auf deren Inhalte wir keinen Einfluss haben.\r\n    Deshalb k\u00f6nnen wir f\u00fcr diese fremden Inhalte keine Gew\u00e4hr \u00fcbernehmen.\r\n    F\u00fcr die Inhalte der verlinkten Seiten ist stets der jeweilige Anbieter oder Betreiber der Seiten verantwortlich.\r\n  <\/p>\r\n  <p>\r\n    Die verlinkten Seiten wurden zum Zeitpunkt der Verlinkung auf m\u00f6gliche Rechtsverst\u00f6\u00dfe \u00fcberpr\u00fcft.\r\n    Rechtswidrige Inhalte waren zum Zeitpunkt der Verlinkung nicht erkennbar.\r\n    Eine permanente inhaltliche Kontrolle der verlinkten Seiten ist jedoch ohne konkrete Anhaltspunkte einer Rechtsverletzung nicht zumutbar.\r\n    Bei Bekanntwerden von Rechtsverletzungen werden wir derartige Links umgehend entfernen.\r\n  <\/p>\r\n\r\n  <h2>Urheberrecht<\/h2>\r\n  <p>\r\n    Die durch den Seitenbetreiber erstellten Inhalte und Werke auf diesen Seiten unterliegen dem deutschen Urheberrecht.\r\n    Die Vervielf\u00e4ltigung, Bearbeitung, Verbreitung und jede Art der Verwertung au\u00dferhalb der Grenzen des Urheberrechts\r\n    bed\u00fcrfen der schriftlichen Zustimmung des jeweiligen Autors bzw. Erstellers.\r\n  <\/p>\r\n  <p>\r\n    Downloads und Kopien dieser Seite sind nur f\u00fcr den privaten, nicht kommerziellen Gebrauch gestattet.\r\n    Soweit die Inhalte auf dieser Seite nicht vom Betreiber erstellt wurden, werden die Urheberrechte Dritter beachtet.\r\n    Inhalte Dritter werden als solche gekennzeichnet.\r\n    Sollten Sie trotzdem auf eine Urheberrechtsverletzung aufmerksam werden, bitten wir um einen entsprechenden Hinweis.\r\n    Bei Bekanntwerden von Rechtsverletzungen werden wir derartige Inhalte umgehend entfernen.\r\n  <\/p>\r\n<\/section>","_de_post_name":"impressum","_de_post_excerpt":"","_de_post_title":"Impressum","_en_post_content":"<section class=\"legal-page impressum\">\r\n  <h1>Legal Notice<\/h1>\r\n\r\n  <p>The German version of this legal notice is legally binding. This English version is provided for convenience only.<\/p>\r\n\r\n  <h2>Provider<\/h2>\r\n  <p>\r\n    <strong>Black Gate \/ Leif von Berg<\/strong><br>\r\n    Sole proprietorship<br>\r\n    Owner: Leif von Berg\r\n  <\/p>\r\n\r\n  <h2>Business Address<\/h2>\r\n  <p>\r\n    Humboldtstr. 5<br>\r\n    25421 Pinneberg<br>\r\n    Germany\r\n  <\/p>\r\n\r\n  <p>\r\n    Visits and customer appointments take place only by prior appointment.\r\n  <\/p>\r\n\r\n  <h2>Contact<\/h2>\r\n  <p>\r\n    Phone: <a href=\"tel:+494033397784\">+49 40 333 977 84<\/a><br>\r\n    Email: <a href=\"mailto:Moin@Black-Gate.de\">Moin@Black-Gate.de<\/a>\r\n  <\/p>\r\n\r\n  <h2>VAT ID<\/h2>\r\n  <p>\r\n    VAT identification number in accordance with Section 27a of the German Value Added Tax Act:<br>\r\n    DE311189634\r\n  <\/p>\r\n\r\n  <h2>Person Responsible for Content pursuant to Section 18 para. 2 MStV<\/h2>\r\n  <p>\r\n    Leif von Berg<br>\r\n    Humboldtstr. 5<br>\r\n    25421 Pinneberg<br>\r\n    Germany\r\n  <\/p>\r\n\r\n  <h2>Consumer Dispute Resolution \/ Universal Arbitration Board<\/h2>\r\n  <p>\r\n    We are neither willing nor obliged to participate in dispute resolution proceedings before a consumer arbitration board.\r\n  <\/p>\r\n\r\n  <h2>Privacy Policy<\/h2>\r\n  <p>\r\n    Our privacy policy can be found at the following link:<br>\r\n    <a href=\"https:\/\/black-gate.de\/home\/datenschutz\/\">Privacy Policy<\/a>\r\n  <\/p>\r\n\r\n  <h2>Liability for Content<\/h2>\r\n  <p>\r\n    As a service provider, we are responsible for our own content on these pages in accordance with Section 7 para. 1 DDG and general laws.\r\n    According to Sections 8 to 10 DDG, however, we are not obliged to monitor transmitted or stored third-party information\r\n    or to investigate circumstances that indicate unlawful activity.\r\n  <\/p>\r\n  <p>\r\n    Obligations to remove or block the use of information under general laws remain unaffected.\r\n    Liability in this respect is only possible from the time of knowledge of a specific infringement.\r\n    Upon becoming aware of such legal violations, we will remove this content immediately.\r\n  <\/p>\r\n\r\n  <h2>Liability for Links<\/h2>\r\n  <p>\r\n    Our website contains links to external third-party websites over whose content we have no control.\r\n    Therefore, we cannot accept any liability for such external content.\r\n    The respective provider or operator of the linked pages is always responsible for their content.\r\n  <\/p>\r\n  <p>\r\n    The linked pages were checked for possible legal violations at the time of linking.\r\n    Illegal content was not recognizable at the time of linking.\r\n    Permanent monitoring of the content of linked pages is not reasonable without concrete evidence of an infringement.\r\n    If we become aware of any legal violations, we will remove such links immediately.\r\n  <\/p>\r\n\r\n  <h2>Copyright<\/h2>\r\n  <p>\r\n    The content and works created by the site operator on these pages are subject to German copyright law.\r\n    Reproduction, editing, distribution and any kind of use outside the limits of copyright law\r\n    require the written consent of the respective author or creator.\r\n  <\/p>\r\n  <p>\r\n    Downloads and copies of this site are permitted for private, non-commercial use only.\r\n    Insofar as content on this site was not created by the operator, the copyrights of third parties are respected.\r\n    Third-party content is identified as such where applicable.\r\n    Should you nevertheless become aware of a copyright infringement, please inform us accordingly.\r\n    Upon becoming aware of legal violations, we will remove such content immediately.\r\n  <\/p>\r\n<\/section>\r\n","_en_post_name":"impressum","_en_post_excerpt":"","_en_post_title":"","edit_language":"en","footnotes":""},"class_list":["post-79","page","type-page","status-publish","hentry"],"_links":{"self":[{"href":"https:\/\/black-gate.de\/en\/wp-json\/wp\/v2\/pages\/79","targetHints":{"allow":["GET"]}}],"collection":[{"href":"https:\/\/black-gate.de\/en\/wp-json\/wp\/v2\/pages"}],"about":[{"href":"https:\/\/black-gate.de\/en\/wp-json\/wp\/v2\/types\/page"}],"author":[{"embeddable":true,"href":"https:\/\/black-gate.de\/en\/wp-json\/wp\/v2\/users\/1"}],"replies":[{"embeddable":true,"href":"https:\/\/black-gate.de\/en\/wp-json\/wp\/v2\/comments?post=79"}],"version-history":[{"count":5,"href":"https:\/\/black-gate.de\/en\/wp-json\/wp\/v2\/pages\/79\/revisions"}],"predecessor-version":[{"id":143,"href":"https:\/\/black-gate.de\/en\/wp-json\/wp\/v2\/pages\/79\/revisions\/143"}],"wp:attachment":[{"href":"https:\/\/black-gate.de\/en\/wp-json\/wp\/v2\/media?parent=79"}],"curies":[{"name":"wp","href":"https:\/\/api.w.org\/{rel}","templated":true}]}}